{"id":57002,"date":"2025-08-26T12:01:48","date_gmt":"2025-08-26T12:01:48","guid":{"rendered":"https:\/\/hoddekro.dk\/?page_id=57002"},"modified":"2025-08-26T12:06:50","modified_gmt":"2025-08-26T12:06:50","slug":"job","status":"publish","type":"page","link":"https:\/\/hoddekro.dk\/en\/job\/","title":{"rendered":"Job"},"content":{"rendered":"<p>[et_pb_section fb_built=&#8221;1&#8243; _builder_version=&#8221;4.16&#8243; use_background_color_gradient=&#8221;on&#8221; background_color_gradient_stops=&#8221;rgba(0,0,0,0.09) 0%|rgba(0,0,0,0.69) 100%&#8221; background_color_gradient_overlays_image=&#8221;on&#8221; background_color_gradient_start=&#8221;rgba(0,0,0,0.09)&#8221; background_color_gradient_end=&#8221;rgba(0,0,0,0.69)&#8221; background_image=&#8221;https:\/\/hoddekro.dk\/wp-content\/uploads\/2021\/11\/DSC04133-scaled.jpg&#8221; background_enable_video_mp4=&#8221;off&#8221; custom_margin=&#8221;0px||||false|true&#8221; custom_margin_tablet=&#8221;&#8221; custom_margin_phone=&#8221;&#8221; custom_margin_last_edited=&#8221;on|desktop&#8221; custom_padding=&#8221;100px||100px||true|false&#8221; border_color_top=&#8221;#669933&#8243; global_colors_info=&#8221;{}&#8221;][et_pb_row use_custom_gutter=&#8221;on&#8221; gutter_width=&#8221;2&#8243; make_equal=&#8221;on&#8221; _builder_version=&#8221;4.16&#8243; width=&#8221;96%&#8221; width_tablet=&#8221;90%&#8221; width_phone=&#8221;90%&#8221; width_last_edited=&#8221;on|phone&#8221; max_width=&#8221;1300px&#8221; max_width_tablet=&#8221;90%&#8221; max_width_phone=&#8221;90%&#8221; max_width_last_edited=&#8221;on|tablet&#8221; global_colors_info=&#8221;{}&#8221;][et_pb_column type=&#8221;4_4&#8243; _builder_version=&#8221;4.16&#8243; global_colors_info=&#8221;{}&#8221;][\/et_pb_column][\/et_pb_row][\/et_pb_section][et_pb_section fb_built=&#8221;1&#8243; _builder_version=&#8221;4.16&#8243; background_color=&#8221;#fefdfa&#8221; custom_margin=&#8221;||||false|true&#8221; custom_padding=&#8221;110px||||false|false&#8221; border_color_top=&#8221;#9dc969&#8243; locked=&#8221;off&#8221; global_colors_info=&#8221;{}&#8221;][et_pb_row use_custom_gutter=&#8221;on&#8221; gutter_width=&#8221;1&#8243; make_equal=&#8221;on&#8221; _builder_version=&#8221;4.27.4&#8243; width_tablet=&#8221;90%&#8221; width_phone=&#8221;90%&#8221; width_last_edited=&#8221;on|phone&#8221; max_width=&#8221;1440px&#8221; max_width_tablet=&#8221;90%&#8221; max_width_phone=&#8221;90%&#8221; max_width_last_edited=&#8221;on|tablet&#8221; custom_padding=&#8221;50px||||false|false&#8221; global_colors_info=&#8221;{}&#8221;][et_pb_column type=&#8221;4_4&#8243; _builder_version=&#8221;4.16&#8243; global_colors_info=&#8221;{}&#8221;][et_pb_text _builder_version=&#8221;4.27.4&#8243; _module_preset=&#8221;default&#8221; text_font=&#8221;Ovo||||||||&#8221; text_text_color=&#8221;#000000&#8243; text_font_size=&#8221;16px&#8221; header_2_font=&#8221;|700|||||||&#8221; header_2_font_size=&#8221;28px&#8221; header_3_font=&#8221;|700|||||||&#8221; header_3_font_size=&#8221;30px&#8221; max_width=&#8221;550px&#8221; global_colors_info=&#8221;{}&#8221;]<\/p>\n<h3>S\u00f8g job hos Hodde Kro<\/h3>\n<p>Vi s\u00f8ger l\u00f8bende nye kollegaer, udfyld formularen p\u00e5 siden, s\u00e5 vender vi hurtigt tilbage.<\/p>\n<p>&nbsp;<\/p>\n<p>[\/et_pb_text][dsm_caldera_forms cf_library=&#8221;CF68ada24069fde&#8221; description_background_color=&#8221;#000000&#8243; _builder_version=&#8221;4.27.4&#8243; _module_preset=&#8221;default&#8221; header_font=&#8221;Ovo||||||||&#8221; header_2_font=&#8221;Ovo|700|||||||&#8221; header_2_font_size=&#8221;24px&#8221; body_font=&#8221;Ovo||||||||&#8221; body_font_size=&#8221;16px&#8221; labels_font=&#8221;Ovo|700|||||||&#8221; labels_font_size=&#8221;16px&#8221; description_font=&#8221;Ovo||||||||&#8221; description_text_color=&#8221;#000000&#8243; input_textarea_select_font=&#8221;Ovo||||||||&#8221; input_textarea_select_focus_font=&#8221;Ovo||||||||&#8221; error_msg_font=&#8221;Ovo||||||||&#8221; success_validation_font=&#8221;Ovo||||||||&#8221; custom_button_one=&#8221;on&#8221; button_one_text_size=&#8221;15px&#8221; button_one_text_color=&#8221;#000000&#8243; button_one_bg_color=&#8221;#ffc20e&#8221; button_one_border_width=&#8221;0px&#8221; button_one_border_radius=&#8221;100px&#8221; button_one_font=&#8221;Ovo|700||on|||||&#8221; button_one_custom_padding=&#8221;15px|30px|15px|30px|true|true&#8221; hover_enabled=&#8221;0&#8243; locked=&#8221;off&#8221; global_colors_info=&#8221;{}&#8221; sticky_enabled=&#8221;0&#8243;][\/dsm_caldera_forms][\/et_pb_column][\/et_pb_row][\/et_pb_section]<\/p>\n","protected":false},"excerpt":{"rendered":"<p>Apply for a job at Hodde Kro We are constantly looking for new colleagues, fill out the form on the page and we will get back to you quickly. &nbsp;<div class=\"et_pb_module dsm_caldera_forms dsm_caldera_forms_0 dsm_cf_description_label  dsm_cf_custom_radio dsm_cf_custom_checkbox\">\n\t\t\t\t\n\t\t\t\t\n\t\t\t\t\n\t\t\t\t\n\t\t\t\t\n\t\t\t\t\n\t\t\t\t<div class=\"et_pb_module_inner\">\n\t\t\t\t\t<div class=\"\">\n\t\t\t\t<div class=\"caldera-grid\" id=\"caldera_form_1\" data-cf-ver=\"1.9.7\" data-cf-form-id=\"CF68ada24069fde\"><div id=\"caldera_notices_1\" data-spinner=\"https:\/\/hoddekro.dk\/wp-admin\/images\/spinner.gif\"><\/div><form data-instance=\"1\" class=\"CF68ada24069fde caldera_forms_form cfajax-trigger\" method=\"POST\" enctype=\"multipart\/form-data\" id=\"CF68ada24069fde_1\" data-form-id=\"CF68ada24069fde\" aria-label=\"Job\" data-target=\"#caldera_notices_1\" data-template=\"#cfajax_CF68ada24069fde-tmpl\" data-cfajax=\"CF68ada24069fde\" data-load-element=\"_parent\" data-load-class=\"cf_processing\" data-post-disable=\"0\" data-action=\"cf_process_ajax_submit\" data-request=\"https:\/\/hoddekro.dk\/en\/cf-api\/CF68ada24069fde\" data-hiderows=\"true\" action=\"\">\r\n<input type=\"hidden\" id=\"_cf_verify_CF68ada24069fde\" name=\"_cf_verify\" value=\"1156a818db\"  data-nonce-time=\"1776863663\" \/><input type=\"hidden\" name=\"_wp_http_referer\" value=\"\/en\/wp-json\/wp\/v2\/pages\/57002\" \/><div id=\"cf2-CF68ada24069fde_1\"><\/div><input type=\"hidden\" name=\"_cf_frm_id\" value=\"CF68ada24069fde\">\r\n<input type=\"hidden\" name=\"_cf_frm_ct\" value=\"1\">\r\n<input type=\"hidden\" name=\"cfajax\" value=\"CF68ada24069fde\">\r\n<div class=\"hide\" style=\"display:none; overflow:hidden;height:0;width:0;\">\r\n<label>Phone<\/label><input type=\"text\" name=\"phone\" value=\"\" autocomplete=\"off\">\r\n<\/div><div id=\"CF68ada24069fde_1-row-1\"  class=\"row  first_row\"><div  class=\"col-sm-6  first_col\"><div data-field-wrapper=\"fld_8768091\" class=\"form-group\" id=\"fld_8768091_1-wrap\">\r\n\t<label id=\"fld_8768091Label\" for=\"fld_8768091_1\" class=\"control-label\">Name <span aria-hidden=\"true\" role=\"presentation\" class=\"field_required\" style=\"color:#ee0000;\">*<\/span><\/label>\r\n\t<div class=\"\">\r\n\t\t<input   required type=\"text\" data-field=\"fld_8768091\" class=\"form-control\" id=\"fld_8768091_1\" name=\"fld_8768091\" value=\"\" data-type=\"text\" aria-required=\"true\"   aria-labelledby=\"fld_8768091Label\" >\t\t\t<\/div>\r\n<\/div>\r\n<\/div><div  class=\"col-sm-6  last_col\"><div data-field-wrapper=\"fld_8999593\" class=\"form-group\" id=\"fld_8999593_1-wrap\">\r\n\t<label id=\"fld_8999593Label\" for=\"fld_8999593_1\" class=\"control-label\">Telephone number <span aria-hidden=\"true\" role=\"presentation\" class=\"field_required\" style=\"color:#ee0000;\">*<\/span><\/label>\r\n\t<div class=\"\">\r\n\t\t<input  data-inputmask=\"'mask': '(999)999-9999'\"  required type=\"phone\" data-field=\"fld_8999593\" class=\"form-control\" id=\"fld_8999593_1\" name=\"fld_8999593\" value=\"\" data-type=\"phone\" aria-required=\"true\"   aria-labelledby=\"fld_8999593Label\" >\t\t\t<\/div>\r\n<\/div>\r\n<\/div><\/div><div id=\"CF68ada24069fde_1-row-2\"  class=\"row\"><div  class=\"col-sm-12  single\"><div data-field-wrapper=\"fld_2264036\" class=\"form-group\" id=\"fld_2264036_1-wrap\">\r\n\t<label id=\"fld_2264036Label\" for=\"fld_2264036_1\" class=\"control-label\">Email <span aria-hidden=\"true\" role=\"presentation\" class=\"field_required\" style=\"color:#ee0000;\">*<\/span><\/label>\r\n\t<div class=\"\">\r\n\t\t<input   required type=\"email\" data-field=\"fld_2264036\" class=\"form-control\" id=\"fld_2264036_1\" name=\"fld_2264036\" value=\"\" data-type=\"email\" aria-required=\"true\"   aria-labelledby=\"fld_2264036Label\" >\t\t\t<\/div>\r\n<\/div>\r\n<\/div><\/div><div id=\"CF68ada24069fde_1-row-3\"  class=\"row\"><div  class=\"col-sm-12  single\"><div id=\"cf2-fld_1809700_1\" class=\"cf2-field-wrapper\" data-field-id=\"fld_1809700_1\"><\/div><div id=\"cf2-fld_1428166_1\" class=\"cf2-field-wrapper\" data-field-id=\"fld_1428166_1\"><\/div><\/div><\/div><div id=\"CF68ada24069fde_1-row-4\"  class=\"row  last_row\"><div  class=\"col-sm-12  single\"><div data-field-wrapper=\"fld_7908577\" class=\"form-group\" id=\"fld_7908577_1-wrap\">\r\n\n\t<div class=\"et_pb_button_module_wrapper\">\n\t\t<button class=\"btn btn-default et_pb_button dsm-cf-submit-button\" type=\"submit\" name=\"fld_7908577\" id=\"fld_7908577_1\" value=\"Send ans\u00f8gning\" data-field=\"fld_7908577\"  >Send application<\/button>\n\t<\/div>\n<\/div>\r\n\t<input class=\"button_trigger_1\" type=\"hidden\" name=\"fld_7908577\" id=\"fld_7908577_1_btn\" value=\"\" data-field=\"fld_7908577\"  \/>\n<\/div><\/div><input type=\"hidden\" name=\"trp-form-language\" value=\"en\"\/><\/form>\r\n<\/div>\r\n\n\t\t\t<\/div>\n\t\t\t\t<\/div>\n\t\t\t<\/div><\/p>","protected":false},"author":1,"featured_media":0,"parent":0,"menu_order":0,"comment_status":"closed","ping_status":"closed","template":"","meta":{"_et_pb_use_builder":"on","_et_pb_old_content":"","_et_gb_content_width":"","footnotes":""},"class_list":["post-57002","page","type-page","status-publish","hentry"],"_links":{"self":[{"href":"https:\/\/hoddekro.dk\/en\/wp-json\/wp\/v2\/pages\/57002","targetHints":{"allow":["GET"]}}],"collection":[{"href":"https:\/\/hoddekro.dk\/en\/wp-json\/wp\/v2\/pages"}],"about":[{"href":"https:\/\/hoddekro.dk\/en\/wp-json\/wp\/v2\/types\/page"}],"author":[{"embeddable":true,"href":"https:\/\/hoddekro.dk\/en\/wp-json\/wp\/v2\/users\/1"}],"replies":[{"embeddable":true,"href":"https:\/\/hoddekro.dk\/en\/wp-json\/wp\/v2\/comments?post=57002"}],"version-history":[{"count":3,"href":"https:\/\/hoddekro.dk\/en\/wp-json\/wp\/v2\/pages\/57002\/revisions"}],"predecessor-version":[{"id":57007,"href":"https:\/\/hoddekro.dk\/en\/wp-json\/wp\/v2\/pages\/57002\/revisions\/57007"}],"wp:attachment":[{"href":"https:\/\/hoddekro.dk\/en\/wp-json\/wp\/v2\/media?parent=57002"}],"curies":[{"name":"wp","href":"https:\/\/api.w.org\/{rel}","templated":true}]}}